{"id":1513,"date":"2022-08-10T16:36:00","date_gmt":"2022-08-10T14:36:00","guid":{"rendered":"https:\/\/eveildutemps.fr\/?page_id=1513"},"modified":"2024-06-30T00:40:51","modified_gmt":"2024-06-29T22:40:51","slug":"infos-et-tarifs-seances","status":"publish","type":"page","link":"https:\/\/eveildutemps.fr\/index.php\/infos-et-tarifs-seances\/","title":{"rendered":"Tarifs"},"content":{"rendered":"\t\t<div data-elementor-type=\"wp-page\" data-elementor-id=\"1513\" class=\"elementor elementor-1513\">\n\t\t\t\t\t\t<section class=\"elementor-section elementor-top-section elementor-element elementor-element-44f6d504 elementor-section-full_width elementor-section-height-default elementor-section-height-default\" data-id=\"44f6d504\" data-element_type=\"section\" data-e-type=\"section\">\n\t\t\t\t\t\t<div class=\"elementor-container elementor-column-gap-default\">\n\t\t\t\t\t<div class=\"elementor-column elementor-col-100 elementor-top-column elementor-element elementor-element-575cab94\" data-id=\"575cab94\" data-element_type=\"column\" data-e-type=\"column\">\n\t\t\t<div class=\"elementor-widget-wrap elementor-element-populated\">\n\t\t\t\t\t\t<div class=\"elementor-element elementor-element-7a56e549 elementor-widget elementor-widget-heading\" data-id=\"7a56e549\" data-element_type=\"widget\" data-e-type=\"widget\" data-widget_type=\"heading.default\">\n\t\t\t\t<div class=\"elementor-widget-container\">\n\t\t\t\t\t<h1 class=\"elementor-heading-title elementor-size-default\">Tarifs 2024<\/h1>\t\t\t\t<\/div>\n\t\t\t\t<\/div>\n\t\t\t\t\t<\/div>\n\t\t<\/div>\n\t\t\t\t\t<\/div>\n\t\t<\/section>\n\t\t\t\t<section class=\"elementor-section elementor-top-section elementor-element elementor-element-e920841 elementor-section-boxed elementor-section-height-default elementor-section-height-default\" data-id=\"e920841\" data-element_type=\"section\" data-e-type=\"section\">\n\t\t\t\t\t\t<div class=\"elementor-container elementor-column-gap-default\">\n\t\t\t\t\t<div class=\"elementor-column elementor-col-100 elementor-top-column elementor-element elementor-element-7d1b8ac\" data-id=\"7d1b8ac\" data-element_type=\"column\" data-e-type=\"column\">\n\t\t\t<div class=\"elementor-widget-wrap elementor-element-populated\">\n\t\t\t\t\t\t<div class=\"elementor-element elementor-element-372fc74 elementor-widget elementor-widget-image\" data-id=\"372fc74\" data-element_type=\"widget\" data-e-type=\"widget\" data-widget_type=\"image.default\">\n\t\t\t\t<div class=\"elementor-widget-container\">\n\t\t\t\t\t\t\t\t\t\t\t\t\t\t\t<img fetchpriority=\"high\" decoding=\"async\" width=\"800\" height=\"620\" src=\"https:\/\/i0.wp.com\/eveildutemps.fr\/wp-content\/uploads\/2024\/01\/Sans-titre-2.png?fit=800%2C620&amp;ssl=1\" class=\"attachment-large size-large wp-image-3036\" alt=\"Tarif seances decouverte\" srcset=\"https:\/\/i0.wp.com\/eveildutemps.fr\/wp-content\/uploads\/2024\/01\/Sans-titre-2.png?w=937&amp;ssl=1 937w, https:\/\/i0.wp.com\/eveildutemps.fr\/wp-content\/uploads\/2024\/01\/Sans-titre-2.png?resize=300%2C232&amp;ssl=1 300w, https:\/\/i0.wp.com\/eveildutemps.fr\/wp-content\/uploads\/2024\/01\/Sans-titre-2.png?resize=768%2C595&amp;ssl=1 768w\" sizes=\"(max-width: 800px) 100vw, 800px\" \/>\t\t\t\t\t\t\t\t\t\t\t\t\t\t\t<\/div>\n\t\t\t\t<\/div>\n\t\t\t\t\t<\/div>\n\t\t<\/div>\n\t\t\t\t\t<\/div>\n\t\t<\/section>\n\t\t\t\t<\/div>\n\t\t","protected":false},"excerpt":{"rendered":"<p>Tarifs 2024<\/p>\n","protected":false},"author":1,"featured_media":0,"parent":0,"menu_order":0,"comment_status":"closed","ping_status":"closed","template":"elementor_header_footer","meta":{"footnotes":""},"class_list":["post-1513","page","type-page","status-publish","hentry"],"yoast_head":"<!-- This site is optimized with the Yoast SEO plugin v27.3 - https:\/\/yoast.com\/product\/yoast-seo-wordpress\/ -->\n<title>Tarifs ~ Eveildutemps<\/title>\n<meta name=\"description\" content=\"Tarifs s\u00e9ances individuelles magn\u00e9tisme EMDR th\u00e9rapie \u00e0 l&#039;unit\u00e9 ou en formule d&#039;accompagnement\" \/>\n<meta name=\"robots\" content=\"index, follow, max-snippet:-1, max-image-preview:large, max-video-preview:-1\" \/>\n<link rel=\"canonical\" href=\"https:\/\/eveildutemps.fr\/index.php\/infos-et-tarifs-seances\/\" \/>\n<meta property=\"og:locale\" content=\"fr_FR\" \/>\n<meta property=\"og:type\" content=\"article\" \/>\n<meta property=\"og:title\" content=\"Tarifs ~ Eveildutemps\" \/>\n<meta property=\"og:description\" content=\"Tarifs s\u00e9ances individuelles magn\u00e9tisme EMDR th\u00e9rapie \u00e0 l&#039;unit\u00e9 ou en formule d&#039;accompagnement\" \/>\n<meta property=\"og:url\" content=\"https:\/\/eveildutemps.fr\/index.php\/infos-et-tarifs-seances\/\" \/>\n<meta property=\"og:site_name\" content=\"Eveildutemps\" \/>\n<meta property=\"article:publisher\" content=\"https:\/\/www.facebook.com\/Eveildutemps\/?ref=pages_you_manage\" \/>\n<meta property=\"article:modified_time\" content=\"2024-06-29T22:40:51+00:00\" \/>\n<meta property=\"og:image\" content=\"https:\/\/eveildutemps.fr\/wp-content\/uploads\/2024\/01\/Sans-titre-2.png\" \/>\n<meta name=\"twitter:card\" content=\"summary_large_image\" \/>\n<meta name=\"twitter:label1\" content=\"Dur\u00e9e de lecture estim\u00e9e\" \/>\n\t<meta name=\"twitter:data1\" content=\"1 minute\" \/>\n<script type=\"application\/ld+json\" class=\"yoast-schema-graph\">{\"@context\":\"https:\\\/\\\/schema.org\",\"@graph\":[{\"@type\":\"WebPage\",\"@id\":\"https:\\\/\\\/eveildutemps.fr\\\/index.php\\\/infos-et-tarifs-seances\\\/\",\"url\":\"https:\\\/\\\/eveildutemps.fr\\\/index.php\\\/infos-et-tarifs-seances\\\/\",\"name\":\"Tarifs ~ Eveildutemps\",\"isPartOf\":{\"@id\":\"https:\\\/\\\/eveildutemps.fr\\\/#website\"},\"primaryImageOfPage\":{\"@id\":\"https:\\\/\\\/eveildutemps.fr\\\/index.php\\\/infos-et-tarifs-seances\\\/#primaryimage\"},\"image\":{\"@id\":\"https:\\\/\\\/eveildutemps.fr\\\/index.php\\\/infos-et-tarifs-seances\\\/#primaryimage\"},\"thumbnailUrl\":\"https:\\\/\\\/eveildutemps.fr\\\/wp-content\\\/uploads\\\/2024\\\/01\\\/Sans-titre-2.png\",\"datePublished\":\"2022-08-10T14:36:00+00:00\",\"dateModified\":\"2024-06-29T22:40:51+00:00\",\"description\":\"Tarifs s\u00e9ances individuelles magn\u00e9tisme EMDR th\u00e9rapie \u00e0 l'unit\u00e9 ou en formule d'accompagnement\",\"breadcrumb\":{\"@id\":\"https:\\\/\\\/eveildutemps.fr\\\/index.php\\\/infos-et-tarifs-seances\\\/#breadcrumb\"},\"inLanguage\":\"fr-FR\",\"potentialAction\":[{\"@type\":\"ReadAction\",\"target\":[\"https:\\\/\\\/eveildutemps.fr\\\/index.php\\\/infos-et-tarifs-seances\\\/\"]}]},{\"@type\":\"ImageObject\",\"inLanguage\":\"fr-FR\",\"@id\":\"https:\\\/\\\/eveildutemps.fr\\\/index.php\\\/infos-et-tarifs-seances\\\/#primaryimage\",\"url\":\"https:\\\/\\\/i0.wp.com\\\/eveildutemps.fr\\\/wp-content\\\/uploads\\\/2024\\\/01\\\/Sans-titre-2.png?fit=937%2C726&ssl=1\",\"contentUrl\":\"https:\\\/\\\/i0.wp.com\\\/eveildutemps.fr\\\/wp-content\\\/uploads\\\/2024\\\/01\\\/Sans-titre-2.png?fit=937%2C726&ssl=1\",\"width\":937,\"height\":726,\"caption\":\"Tarif seance individuelles Tarif seance videos a distance\"},{\"@type\":\"BreadcrumbList\",\"@id\":\"https:\\\/\\\/eveildutemps.fr\\\/index.php\\\/infos-et-tarifs-seances\\\/#breadcrumb\",\"itemListElement\":[{\"@type\":\"ListItem\",\"position\":1,\"name\":\"Accueil\",\"item\":\"https:\\\/\\\/eveildutemps.fr\\\/\"},{\"@type\":\"ListItem\",\"position\":2,\"name\":\"Tarifs\"}]},{\"@type\":\"WebSite\",\"@id\":\"https:\\\/\\\/eveildutemps.fr\\\/#website\",\"url\":\"https:\\\/\\\/eveildutemps.fr\\\/\",\"name\":\"Eveildutemps\",\"description\":\"Fr\u00e9d\u00e9ric Girard Magn\u00e9tiseur Th\u00e9rapeute Echirolles Grenoble\",\"publisher\":{\"@id\":\"https:\\\/\\\/eveildutemps.fr\\\/#\\\/schema\\\/person\\\/862f60b7e29f5f40e20ade2e675e22fd\"},\"alternateName\":\"Fr\u00e9d\u00e9ric Girard\",\"potentialAction\":[{\"@type\":\"SearchAction\",\"target\":{\"@type\":\"EntryPoint\",\"urlTemplate\":\"https:\\\/\\\/eveildutemps.fr\\\/?s={search_term_string}\"},\"query-input\":{\"@type\":\"PropertyValueSpecification\",\"valueRequired\":true,\"valueName\":\"search_term_string\"}}],\"inLanguage\":\"fr-FR\"},{\"@type\":[\"Person\",\"Organization\"],\"@id\":\"https:\\\/\\\/eveildutemps.fr\\\/#\\\/schema\\\/person\\\/862f60b7e29f5f40e20ade2e675e22fd\",\"name\":\"adminEveil\",\"image\":{\"@type\":\"ImageObject\",\"inLanguage\":\"fr-FR\",\"@id\":\"https:\\\/\\\/i0.wp.com\\\/eveildutemps.fr\\\/wp-content\\\/uploads\\\/2022\\\/07\\\/Frederic-Girard-fb.png?fit=613%2C570&ssl=1\",\"url\":\"https:\\\/\\\/i0.wp.com\\\/eveildutemps.fr\\\/wp-content\\\/uploads\\\/2022\\\/07\\\/Frederic-Girard-fb.png?fit=613%2C570&ssl=1\",\"contentUrl\":\"https:\\\/\\\/i0.wp.com\\\/eveildutemps.fr\\\/wp-content\\\/uploads\\\/2022\\\/07\\\/Frederic-Girard-fb.png?fit=613%2C570&ssl=1\",\"width\":613,\"height\":570,\"caption\":\"adminEveil\"},\"logo\":{\"@id\":\"https:\\\/\\\/i0.wp.com\\\/eveildutemps.fr\\\/wp-content\\\/uploads\\\/2022\\\/07\\\/Frederic-Girard-fb.png?fit=613%2C570&ssl=1\"},\"description\":\"Magn\u00e9tiseur Th\u00e9rapeute Grenoble ou \u00e0 distance\",\"sameAs\":[\"http:\\\/\\\/eveildutemps.fr\",\"https:\\\/\\\/www.facebook.com\\\/Eveildutemps\\\/?ref=pages_you_manage\",\"https:\\\/\\\/www.instagram.com\\\/therapeuthe_medicentre\\\/?hl=fr\"]}]}<\/script>\n<!-- \/ Yoast SEO plugin. -->","yoast_head_json":{"title":"Tarifs ~ Eveildutemps","description":"Tarifs s\u00e9ances individuelles magn\u00e9tisme EMDR th\u00e9rapie \u00e0 l'unit\u00e9 ou en formule d'accompagnement","robots":{"index":"index","follow":"follow","max-snippet":"max-snippet:-1","max-image-preview":"max-image-preview:large","max-video-preview":"max-video-preview:-1"},"canonical":"https:\/\/eveildutemps.fr\/index.php\/infos-et-tarifs-seances\/","og_locale":"fr_FR","og_type":"article","og_title":"Tarifs ~ Eveildutemps","og_description":"Tarifs s\u00e9ances individuelles magn\u00e9tisme EMDR th\u00e9rapie \u00e0 l'unit\u00e9 ou en formule d'accompagnement","og_url":"https:\/\/eveildutemps.fr\/index.php\/infos-et-tarifs-seances\/","og_site_name":"Eveildutemps","article_publisher":"https:\/\/www.facebook.com\/Eveildutemps\/?ref=pages_you_manage","article_modified_time":"2024-06-29T22:40:51+00:00","og_image":[{"url":"https:\/\/eveildutemps.fr\/wp-content\/uploads\/2024\/01\/Sans-titre-2.png","type":"","width":"","height":""}],"twitter_card":"summary_large_image","twitter_misc":{"Dur\u00e9e de lecture estim\u00e9e":"1 minute"},"schema":{"@context":"https:\/\/schema.org","@graph":[{"@type":"WebPage","@id":"https:\/\/eveildutemps.fr\/index.php\/infos-et-tarifs-seances\/","url":"https:\/\/eveildutemps.fr\/index.php\/infos-et-tarifs-seances\/","name":"Tarifs ~ Eveildutemps","isPartOf":{"@id":"https:\/\/eveildutemps.fr\/#website"},"primaryImageOfPage":{"@id":"https:\/\/eveildutemps.fr\/index.php\/infos-et-tarifs-seances\/#primaryimage"},"image":{"@id":"https:\/\/eveildutemps.fr\/index.php\/infos-et-tarifs-seances\/#primaryimage"},"thumbnailUrl":"https:\/\/eveildutemps.fr\/wp-content\/uploads\/2024\/01\/Sans-titre-2.png","datePublished":"2022-08-10T14:36:00+00:00","dateModified":"2024-06-29T22:40:51+00:00","description":"Tarifs s\u00e9ances individuelles magn\u00e9tisme EMDR th\u00e9rapie \u00e0 l'unit\u00e9 ou en formule d'accompagnement","breadcrumb":{"@id":"https:\/\/eveildutemps.fr\/index.php\/infos-et-tarifs-seances\/#breadcrumb"},"inLanguage":"fr-FR","potentialAction":[{"@type":"ReadAction","target":["https:\/\/eveildutemps.fr\/index.php\/infos-et-tarifs-seances\/"]}]},{"@type":"ImageObject","inLanguage":"fr-FR","@id":"https:\/\/eveildutemps.fr\/index.php\/infos-et-tarifs-seances\/#primaryimage","url":"https:\/\/i0.wp.com\/eveildutemps.fr\/wp-content\/uploads\/2024\/01\/Sans-titre-2.png?fit=937%2C726&ssl=1","contentUrl":"https:\/\/i0.wp.com\/eveildutemps.fr\/wp-content\/uploads\/2024\/01\/Sans-titre-2.png?fit=937%2C726&ssl=1","width":937,"height":726,"caption":"Tarif seance individuelles Tarif seance videos a distance"},{"@type":"BreadcrumbList","@id":"https:\/\/eveildutemps.fr\/index.php\/infos-et-tarifs-seances\/#breadcrumb","itemListElement":[{"@type":"ListItem","position":1,"name":"Accueil","item":"https:\/\/eveildutemps.fr\/"},{"@type":"ListItem","position":2,"name":"Tarifs"}]},{"@type":"WebSite","@id":"https:\/\/eveildutemps.fr\/#website","url":"https:\/\/eveildutemps.fr\/","name":"Eveildutemps","description":"Fr\u00e9d\u00e9ric Girard Magn\u00e9tiseur Th\u00e9rapeute Echirolles Grenoble","publisher":{"@id":"https:\/\/eveildutemps.fr\/#\/schema\/person\/862f60b7e29f5f40e20ade2e675e22fd"},"alternateName":"Fr\u00e9d\u00e9ric Girard","potentialAction":[{"@type":"SearchAction","target":{"@type":"EntryPoint","urlTemplate":"https:\/\/eveildutemps.fr\/?s={search_term_string}"},"query-input":{"@type":"PropertyValueSpecification","valueRequired":true,"valueName":"search_term_string"}}],"inLanguage":"fr-FR"},{"@type":["Person","Organization"],"@id":"https:\/\/eveildutemps.fr\/#\/schema\/person\/862f60b7e29f5f40e20ade2e675e22fd","name":"adminEveil","image":{"@type":"ImageObject","inLanguage":"fr-FR","@id":"https:\/\/i0.wp.com\/eveildutemps.fr\/wp-content\/uploads\/2022\/07\/Frederic-Girard-fb.png?fit=613%2C570&ssl=1","url":"https:\/\/i0.wp.com\/eveildutemps.fr\/wp-content\/uploads\/2022\/07\/Frederic-Girard-fb.png?fit=613%2C570&ssl=1","contentUrl":"https:\/\/i0.wp.com\/eveildutemps.fr\/wp-content\/uploads\/2022\/07\/Frederic-Girard-fb.png?fit=613%2C570&ssl=1","width":613,"height":570,"caption":"adminEveil"},"logo":{"@id":"https:\/\/i0.wp.com\/eveildutemps.fr\/wp-content\/uploads\/2022\/07\/Frederic-Girard-fb.png?fit=613%2C570&ssl=1"},"description":"Magn\u00e9tiseur Th\u00e9rapeute Grenoble ou \u00e0 distance","sameAs":["http:\/\/eveildutemps.fr","https:\/\/www.facebook.com\/Eveildutemps\/?ref=pages_you_manage","https:\/\/www.instagram.com\/therapeuthe_medicentre\/?hl=fr"]}]}},"jetpack_sharing_enabled":true,"_links":{"self":[{"href":"https:\/\/eveildutemps.fr\/index.php\/wp-json\/wp\/v2\/pages\/1513","targetHints":{"allow":["GET"]}}],"collection":[{"href":"https:\/\/eveildutemps.fr\/index.php\/wp-json\/wp\/v2\/pages"}],"about":[{"href":"https:\/\/eveildutemps.fr\/index.php\/wp-json\/wp\/v2\/types\/page"}],"author":[{"embeddable":true,"href":"https:\/\/eveildutemps.fr\/index.php\/wp-json\/wp\/v2\/users\/1"}],"replies":[{"embeddable":true,"href":"https:\/\/eveildutemps.fr\/index.php\/wp-json\/wp\/v2\/comments?post=1513"}],"version-history":[{"count":0,"href":"https:\/\/eveildutemps.fr\/index.php\/wp-json\/wp\/v2\/pages\/1513\/revisions"}],"wp:attachment":[{"href":"https:\/\/eveildutemps.fr\/index.php\/wp-json\/wp\/v2\/media?parent=1513"}],"curies":[{"name":"wp","href":"https:\/\/api.w.org\/{rel}","templated":true}]}}