{"id":1848,"date":"2022-09-03T00:02:29","date_gmt":"2022-09-02T22:02:29","guid":{"rendered":"https:\/\/eveildutemps.fr\/?page_id=1848"},"modified":"2024-07-01T00:20:31","modified_gmt":"2024-06-30T22:20:31","slug":"reves-eveilles-accompagnes-reves-deveil-a-echirolles-grenoble","status":"publish","type":"page","link":"https:\/\/eveildutemps.fr\/index.php\/reves-eveilles-accompagnes-reves-deveil-a-echirolles-grenoble\/","title":{"rendered":"R\u00eaves \u00e9veill\u00e9s R\u00eaves d\u2019\u00e9veil"},"content":{"rendered":"\t\t<div data-elementor-type=\"wp-page\" data-elementor-id=\"1848\" class=\"elementor elementor-1848\">\n\t\t\t\t\t\t<section class=\"elementor-section elementor-top-section elementor-element elementor-element-6e743b77 elementor-section-full_width elementor-section-height-default elementor-section-height-default\" data-id=\"6e743b77\" data-element_type=\"section\" data-e-type=\"section\" id=\"service1\">\n\t\t\t\t\t\t<div class=\"elementor-container elementor-column-gap-default\">\n\t\t\t\t\t<div class=\"elementor-column elementor-col-100 elementor-top-column elementor-element elementor-element-2998d85f\" data-id=\"2998d85f\" data-element_type=\"column\" data-e-type=\"column\">\n\t\t\t<div class=\"elementor-widget-wrap elementor-element-populated\">\n\t\t\t\t\t\t<div class=\"elementor-element elementor-element-1036f841 elementor-widget elementor-widget-heading\" data-id=\"1036f841\" data-element_type=\"widget\" data-e-type=\"widget\" data-widget_type=\"heading.default\">\n\t\t\t\t<div class=\"elementor-widget-container\">\n\t\t\t\t\t<h1 class=\"elementor-heading-title elementor-size-default\">S\u00e9ances hypnose R\u00eaves \u00e9veill\u00e9s \u00e0 Echirolles Grenoble<br>Ou en ligne<\/h1>\t\t\t\t<\/div>\n\t\t\t\t<\/div>\n\t\t\t\t\t<\/div>\n\t\t<\/div>\n\t\t\t\t\t<\/div>\n\t\t<\/section>\n\t\t\t\t<section class=\"elementor-section elementor-top-section elementor-element elementor-element-7f23da69 elementor-section-full_width elementor-section-height-default elementor-section-height-default\" data-id=\"7f23da69\" data-element_type=\"section\" data-e-type=\"section\">\n\t\t\t\t\t\t<div class=\"elementor-container elementor-column-gap-default\">\n\t\t\t\t\t<div class=\"elementor-column elementor-col-100 elementor-top-column elementor-element elementor-element-357d7510\" data-id=\"357d7510\" data-element_type=\"column\" data-e-type=\"column\">\n\t\t\t<div class=\"elementor-widget-wrap\">\n\t\t\t\t\t\t\t<\/div>\n\t\t<\/div>\n\t\t\t\t\t<\/div>\n\t\t<\/section>\n\t\t\t\t<section class=\"elementor-section elementor-top-section elementor-element elementor-element-1de37e2e elementor-section-boxed elementor-section-height-default elementor-section-height-default\" data-id=\"1de37e2e\" data-element_type=\"section\" data-e-type=\"section\">\n\t\t\t\t\t\t<div class=\"elementor-container elementor-column-gap-default\">\n\t\t\t\t\t<div class=\"elementor-column elementor-col-100 elementor-top-column elementor-element elementor-element-72c2b943\" data-id=\"72c2b943\" data-element_type=\"column\" data-e-type=\"column\" data-settings=\"{&quot;background_background&quot;:&quot;classic&quot;}\">\n\t\t\t<div class=\"elementor-widget-wrap elementor-element-populated\">\n\t\t\t\t\t\t<div class=\"elementor-element elementor-element-fba1dd9 elementor-widget elementor-widget-image\" data-id=\"fba1dd9\" data-element_type=\"widget\" data-e-type=\"widget\" data-widget_type=\"image.default\">\n\t\t\t\t<div class=\"elementor-widget-container\">\n\t\t\t\t\t\t\t\t\t\t\t\t\t\t\t<img fetchpriority=\"high\" decoding=\"async\" width=\"300\" height=\"297\" src=\"https:\/\/i0.wp.com\/eveildutemps.fr\/wp-content\/uploads\/2024\/06\/harmonicjourneys_Harmonic_Journey_Whimsical_Harmony_Journey_Vis_89dc18cb-9f0f-4e4b-9e9d-ebb0ae6e76e81.png?fit=300%2C297&amp;ssl=1\" class=\"attachment-large size-large wp-image-3226\" alt=\"S\u00e9ance individuelle hypnose \u00e9chirolles Grenoble\" srcset=\"https:\/\/i0.wp.com\/eveildutemps.fr\/wp-content\/uploads\/2024\/06\/harmonicjourneys_Harmonic_Journey_Whimsical_Harmony_Journey_Vis_89dc18cb-9f0f-4e4b-9e9d-ebb0ae6e76e81.png?w=300&amp;ssl=1 300w, https:\/\/i0.wp.com\/eveildutemps.fr\/wp-content\/uploads\/2024\/06\/harmonicjourneys_Harmonic_Journey_Whimsical_Harmony_Journey_Vis_89dc18cb-9f0f-4e4b-9e9d-ebb0ae6e76e81.png?resize=150%2C150&amp;ssl=1 150w\" sizes=\"(max-width: 300px) 100vw, 300px\" \/>\t\t\t\t\t\t\t\t\t\t\t\t\t\t\t<\/div>\n\t\t\t\t<\/div>\n\t\t\t\t<div class=\"elementor-element elementor-element-75620e3d elementor-widget elementor-widget-text-editor\" data-id=\"75620e3d\" data-element_type=\"widget\" data-e-type=\"widget\" data-widget_type=\"text-editor.default\">\n\t\t\t\t<div class=\"elementor-widget-container\">\n\t\t\t\t\t\t\t\t\t<p><b style=\"color: inherit; font-family: inherit; word-spacing: 0em; font-size: 1.5rem; background-color: var( --e-global-color-text );\">Qu&rsquo;est-ce que c&rsquo;est ?<\/b><\/p><p>Le r\u00eave \u00e9veill\u00e9 accompagn\u00e9, ou r\u00eave d\u2019\u00e9veil, est un outil puissant pour r\u00e9v\u00e9ler et gu\u00e9rir ce qui vous pr\u00e9occupe.<\/p><p>\u00a0<\/p><p>Utilis\u00e9 \u00e0 des moments cl\u00e9s de votre vie, il vous aide \u00e0 ressentir qui vous \u00eates et \u00e0 d\u00e9terminer votre direction future.\u00a0<\/p><p>\u00a0<\/p><p>\u00a0<\/p><p>Pour ceux qui connaissent l\u2019hypnose, le r\u00eave \u00e9veill\u00e9 est une forme non directive : vous \u00eates le guide de votre propre r\u00eave.<\/p><p>\u00a0<\/p><p>En d\u00e9crivant ce que vous voyez et ressentez, je vous accompagne avec bienveillance pour explorer les chemins possibles.\u00a0<\/p><p>\u00a0<\/p><p>Cette m\u00e9thode encourage la responsabilit\u00e9 personnelle et l&rsquo;autonomie.\u00a0<\/p><p>\u00a0<\/p><p>\u00a0<\/p><p>Le r\u00eave \u00e9veill\u00e9 vous permet de prendre conscience de ce qui se passe en vous et de le transformer gr\u00e2ce \u00e0 la visualisation et aux sensations corporelles.\u00a0<\/p><p>\u00a0<\/p><p>Ce que vous vivez pendant la s\u00e9ance d\u00e9passe souvent ce que vous aviez imagin\u00e9.\u00a0<\/p><p>\u00a0<\/p><p>\u00a0<\/p><h4><b>D\u00e9roulement d\u2019une s\u00e9ance\u00a0<\/b><\/h4><div><b>\u00a0<\/b><\/div><div><div><b>Relaxation et Pr\u00e9paration :<\/b> Install\u00e9 confortablement, un temps de relaxation commence avec une m\u00e9ditation guid\u00e9e et du magn\u00e9tisme pour vous aider \u00e0 vous d\u00e9tendre.<\/div><div>\u00a0<\/div><div><b>Exploration du R\u00eave :<\/b> Une image ou une sensation initiale guide la s\u00e9ance. Vous d\u00e9crivez ce qui se passe, cr\u00e9ant une histoire riche en d\u00e9tails et en sensations.\u00a0<\/div><div>\u00a0<\/div><div><b>Dialogue et Silence :<\/b> Alternance de dialogues o\u00f9 vous partagez ce que vous vivez et de moments de silence pour \u00e9couter vos sensations.<\/div><div>\u00a0<\/div><div><b>Conclusion :<\/b> La s\u00e9ance se termine par un temps de verbalisation pour int\u00e9grer les moments cl\u00e9s et le travail effectu\u00e9.<\/div><div>\u00a0<\/div><div>\u00a0<\/div><\/div><h4><b>Modalit\u00e9s de S\u00e9ance\u00a0<\/b><\/h4><p>Je propose ces s\u00e9ances en pr\u00e9sentiel ou en ligne.\u00a0<\/p><p>\u00a0<\/p><p>Chaque format est efficace pour vous accompagner dans votre voyage int\u00e9rieur.\u00a0<\/p><p>\u00a0<\/p><p>\u00a0<\/p><h3><b>Pr\u00eat \u00e0 explorer votre monde int\u00e9rieur et \u00e0 vivre une transformation profonde ?\u00a0<\/b><\/h3><div><b>\u00a0<\/b><\/div><h3><b>R\u00e9servez votre s\u00e9ance de r\u00eave \u00e9veill\u00e9 accompagn\u00e9 d\u00e8s aujourd&rsquo;hui !\u00a0<\/b><\/h3><div><b>\u00a0<\/b><\/div><p>\u00a0<\/p><p>Plus d\u2019info =&gt;\u00a0Lien vers les site des personnes qui m\u2019ont form\u00e9 au R\u00eave d\u2019\u00e9veil :<\/p><p>\u00a0<a href=\"https:\/\/www.reves-d-eveils.com\/videos\/\" target=\"_blank\" rel=\"noopener\">Michel Tabbet<\/a>\u00a0 et\u00a0<a href=\"https:\/\/www.reves-d-eveils.com\/\" target=\"_blank\" rel=\"noopener\">Sylvie Gavilan<\/a>\u00a0<a href=\"http:\/\/www.reves-d-eveils.com\/\" rel=\"nofollow\">http:\/\/www.reves-d-eveils.com\/<\/a><\/p><p>Virginie Boissi\u00e8re :\u00a0<a href=\"https:\/\/l.facebook.com\/l.php?u=http%3A%2F%2Fwww.sophrologie-gard.net%2F&amp;h=ATN4q58qg_BjPVHTTfd8-xpqUmkCz6-7FRySdE9pBg8kY2-Fb2ltFwFKXl9_w0VBNyDJL8jEcbhuTrBNFXDBh6iUzBo4QRGZa0UGkfSHH4bhgOmOzJRvMpS6LaShdywszWAW4_K64T133nTWDQ&amp;enc=AZMevWa49bgpUwRBTSxeZPyIqfdJ4TUCtu6GmU_yw7jkp5MEv1yzI31oYPSMEYLbgM8_9V2jaMo59wN4waxuBGNLNOv14w5oSsQhry48WH2IHOmmBJo1EBXSkAgbxZKCLTdUa11MwEELqjPL7vMWL_gBQmK7RD4CuaJHd4OzxmwdNskHOLCOD4FHD0j51cCCG2LqxNNLs6x2XN1d3aMNgoGZ&amp;s=1\" target=\"_blank\" rel=\"nofollow noopener\">www.sophrologie-gard.net<\/a><\/p>\t\t\t\t\t\t\t\t<\/div>\n\t\t\t\t<\/div>\n\t\t\t\t\t<\/div>\n\t\t<\/div>\n\t\t\t\t\t<\/div>\n\t\t<\/section>\n\t\t\t\t<section class=\"elementor-section elementor-top-section elementor-element elementor-element-90548b4 elementor-section-boxed elementor-section-height-default elementor-section-height-default\" data-id=\"90548b4\" data-element_type=\"section\" data-e-type=\"section\">\n\t\t\t\t\t\t<div class=\"elementor-container elementor-column-gap-default\">\n\t\t\t\t\t<div class=\"elementor-column elementor-col-100 elementor-top-column elementor-element elementor-element-a4a8a0e\" data-id=\"a4a8a0e\" data-element_type=\"column\" data-e-type=\"column\">\n\t\t\t<div class=\"elementor-widget-wrap elementor-element-populated\">\n\t\t\t\t\t\t<div class=\"elementor-element elementor-element-cfceddd elementor-widget elementor-widget-heading\" data-id=\"cfceddd\" data-element_type=\"widget\" data-e-type=\"widget\" data-widget_type=\"heading.default\">\n\t\t\t\t<div class=\"elementor-widget-container\">\n\t\t\t\t\t<h2 class=\"elementor-heading-title elementor-size-default\">T\u00e9moignages<\/h2>\t\t\t\t<\/div>\n\t\t\t\t<\/div>\n\t\t\t\t<div class=\"elementor-element elementor-element-4f32a93 elementor-widget elementor-widget-shortcode\" data-id=\"4f32a93\" data-element_type=\"widget\" data-e-type=\"widget\" data-widget_type=\"shortcode.default\">\n\t\t\t\t<div class=\"elementor-widget-container\">\n\t\t\t\t\t\t\t<div class=\"elementor-shortcode\"><\/div>\n\t\t\t\t\t\t<\/div>\n\t\t\t\t<\/div>\n\t\t\t\t<div class=\"elementor-element elementor-element-77866de elementor-align-center e-transform elementor-widget elementor-widget-button\" data-id=\"77866de\" data-element_type=\"widget\" data-e-type=\"widget\" data-settings=\"{&quot;_animation&quot;:&quot;none&quot;,&quot;_transform_scale_effect_hover&quot;:{&quot;unit&quot;:&quot;px&quot;,&quot;size&quot;:0.9,&quot;sizes&quot;:[]},&quot;_transform_scale_effect_hover_tablet&quot;:{&quot;unit&quot;:&quot;px&quot;,&quot;size&quot;:&quot;&quot;,&quot;sizes&quot;:[]},&quot;_transform_scale_effect_hover_mobile&quot;:{&quot;unit&quot;:&quot;px&quot;,&quot;size&quot;:&quot;&quot;,&quot;sizes&quot;:[]}}\" data-widget_type=\"button.default\">\n\t\t\t\t<div class=\"elementor-widget-container\">\n\t\t\t\t\t\t\t\t\t<div class=\"elementor-button-wrapper\">\n\t\t\t\t\t<a class=\"elementor-button elementor-button-link elementor-size-sm\" href=\"https:\/\/eveildutemps.fr\/index.php\/appel-ou-rdv\/\">\n\t\t\t\t\t\t<span class=\"elementor-button-content-wrapper\">\n\t\t\t\t\t\t\t\t\t<span class=\"elementor-button-text\">B\u00e9n\u00e9ficiez d'un appel offert pour vous renseigner<\/span>\n\t\t\t\t\t<\/span>\n\t\t\t\t\t<\/a>\n\t\t\t\t<\/div>\n\t\t\t\t\t\t\t\t<\/div>\n\t\t\t\t<\/div>\n\t\t\t\t\t<\/div>\n\t\t<\/div>\n\t\t\t\t\t<\/div>\n\t\t<\/section>\n\t\t\t\t<\/div>\n\t\t","protected":false},"excerpt":{"rendered":"<p>S\u00e9ances hypnose R\u00eaves \u00e9veill\u00e9s \u00e0 Echirolles GrenobleOu en ligne Qu&rsquo;est-ce que c&rsquo;est ? Le r\u00eave \u00e9veill\u00e9 accompagn\u00e9, ou r\u00eave d\u2019\u00e9veil, est un outil puissant pour r\u00e9v\u00e9ler et gu\u00e9rir ce qui vous pr\u00e9occupe. \u00a0 Utilis\u00e9 \u00e0 des moments cl\u00e9s de votre vie, il vous aide \u00e0 ressentir qui vous \u00eates et \u00e0 d\u00e9terminer votre direction future.\u00a0 [&hellip;]<\/p>\n","protected":false},"author":1,"featured_media":0,"parent":0,"menu_order":0,"comment_status":"closed","ping_status":"closed","template":"elementor_header_footer","meta":{"footnotes":""},"class_list":["post-1848","page","type-page","status-publish","hentry"],"yoast_head":"<!-- This site is optimized with the Yoast SEO plugin v27.3 - https:\/\/yoast.com\/product\/yoast-seo-wordpress\/ -->\n<title>R\u00eaves \u00e9veill\u00e9s R\u00eaves d\u2019\u00e9veil ~ Eveildutemps<\/title>\n<meta name=\"robots\" content=\"index, follow, max-snippet:-1, max-image-preview:large, max-video-preview:-1\" \/>\n<link rel=\"canonical\" href=\"https:\/\/eveildutemps.fr\/index.php\/reves-eveilles-accompagnes-reves-deveil-a-echirolles-grenoble\/\" \/>\n<meta property=\"og:locale\" content=\"fr_FR\" \/>\n<meta property=\"og:type\" content=\"article\" \/>\n<meta property=\"og:title\" content=\"R\u00eaves \u00e9veill\u00e9s R\u00eaves d\u2019\u00e9veil ~ Eveildutemps\" \/>\n<meta property=\"og:description\" content=\"S\u00e9ances hypnose R\u00eaves \u00e9veill\u00e9s \u00e0 Echirolles GrenobleOu en ligne Qu&rsquo;est-ce que c&rsquo;est ? Le r\u00eave \u00e9veill\u00e9 accompagn\u00e9, ou r\u00eave d\u2019\u00e9veil, est un outil puissant pour r\u00e9v\u00e9ler et gu\u00e9rir ce qui vous pr\u00e9occupe. \u00a0 Utilis\u00e9 \u00e0 des moments cl\u00e9s de votre vie, il vous aide \u00e0 ressentir qui vous \u00eates et \u00e0 d\u00e9terminer votre direction future.\u00a0 [&hellip;]\" \/>\n<meta property=\"og:url\" content=\"https:\/\/eveildutemps.fr\/index.php\/reves-eveilles-accompagnes-reves-deveil-a-echirolles-grenoble\/\" \/>\n<meta property=\"og:site_name\" content=\"Eveildutemps\" \/>\n<meta property=\"article:publisher\" content=\"https:\/\/www.facebook.com\/Eveildutemps\/?ref=pages_you_manage\" \/>\n<meta property=\"article:modified_time\" content=\"2024-06-30T22:20:31+00:00\" \/>\n<meta property=\"og:image\" content=\"https:\/\/eveildutemps.fr\/wp-content\/uploads\/2024\/06\/harmonicjourneys_Harmonic_Journey_Whimsical_Harmony_Journey_Vis_89dc18cb-9f0f-4e4b-9e9d-ebb0ae6e76e81.png\" \/>\n<meta name=\"twitter:card\" content=\"summary_large_image\" \/>\n<meta name=\"twitter:label1\" content=\"Dur\u00e9e de lecture estim\u00e9e\" \/>\n\t<meta name=\"twitter:data1\" content=\"2 minutes\" \/>\n<script type=\"application\/ld+json\" class=\"yoast-schema-graph\">{\"@context\":\"https:\\\/\\\/schema.org\",\"@graph\":[{\"@type\":\"WebPage\",\"@id\":\"https:\\\/\\\/eveildutemps.fr\\\/index.php\\\/reves-eveilles-accompagnes-reves-deveil-a-echirolles-grenoble\\\/\",\"url\":\"https:\\\/\\\/eveildutemps.fr\\\/index.php\\\/reves-eveilles-accompagnes-reves-deveil-a-echirolles-grenoble\\\/\",\"name\":\"R\u00eaves \u00e9veill\u00e9s R\u00eaves d\u2019\u00e9veil ~ Eveildutemps\",\"isPartOf\":{\"@id\":\"https:\\\/\\\/eveildutemps.fr\\\/#website\"},\"primaryImageOfPage\":{\"@id\":\"https:\\\/\\\/eveildutemps.fr\\\/index.php\\\/reves-eveilles-accompagnes-reves-deveil-a-echirolles-grenoble\\\/#primaryimage\"},\"image\":{\"@id\":\"https:\\\/\\\/eveildutemps.fr\\\/index.php\\\/reves-eveilles-accompagnes-reves-deveil-a-echirolles-grenoble\\\/#primaryimage\"},\"thumbnailUrl\":\"https:\\\/\\\/eveildutemps.fr\\\/wp-content\\\/uploads\\\/2024\\\/06\\\/harmonicjourneys_Harmonic_Journey_Whimsical_Harmony_Journey_Vis_89dc18cb-9f0f-4e4b-9e9d-ebb0ae6e76e81.png\",\"datePublished\":\"2022-09-02T22:02:29+00:00\",\"dateModified\":\"2024-06-30T22:20:31+00:00\",\"breadcrumb\":{\"@id\":\"https:\\\/\\\/eveildutemps.fr\\\/index.php\\\/reves-eveilles-accompagnes-reves-deveil-a-echirolles-grenoble\\\/#breadcrumb\"},\"inLanguage\":\"fr-FR\",\"potentialAction\":[{\"@type\":\"ReadAction\",\"target\":[\"https:\\\/\\\/eveildutemps.fr\\\/index.php\\\/reves-eveilles-accompagnes-reves-deveil-a-echirolles-grenoble\\\/\"]}]},{\"@type\":\"ImageObject\",\"inLanguage\":\"fr-FR\",\"@id\":\"https:\\\/\\\/eveildutemps.fr\\\/index.php\\\/reves-eveilles-accompagnes-reves-deveil-a-echirolles-grenoble\\\/#primaryimage\",\"url\":\"https:\\\/\\\/i0.wp.com\\\/eveildutemps.fr\\\/wp-content\\\/uploads\\\/2024\\\/06\\\/harmonicjourneys_Harmonic_Journey_Whimsical_Harmony_Journey_Vis_89dc18cb-9f0f-4e4b-9e9d-ebb0ae6e76e81.png?fit=300%2C297&ssl=1\",\"contentUrl\":\"https:\\\/\\\/i0.wp.com\\\/eveildutemps.fr\\\/wp-content\\\/uploads\\\/2024\\\/06\\\/harmonicjourneys_Harmonic_Journey_Whimsical_Harmony_Journey_Vis_89dc18cb-9f0f-4e4b-9e9d-ebb0ae6e76e81.png?fit=300%2C297&ssl=1\",\"width\":300,\"height\":297,\"caption\":\"S\u00e9ance individuelle hypnose \u00e9chirolles Grenoble\"},{\"@type\":\"BreadcrumbList\",\"@id\":\"https:\\\/\\\/eveildutemps.fr\\\/index.php\\\/reves-eveilles-accompagnes-reves-deveil-a-echirolles-grenoble\\\/#breadcrumb\",\"itemListElement\":[{\"@type\":\"ListItem\",\"position\":1,\"name\":\"Accueil\",\"item\":\"https:\\\/\\\/eveildutemps.fr\\\/\"},{\"@type\":\"ListItem\",\"position\":2,\"name\":\"R\u00eaves \u00e9veill\u00e9s R\u00eaves d\u2019\u00e9veil\"}]},{\"@type\":\"WebSite\",\"@id\":\"https:\\\/\\\/eveildutemps.fr\\\/#website\",\"url\":\"https:\\\/\\\/eveildutemps.fr\\\/\",\"name\":\"Eveildutemps\",\"description\":\"Fr\u00e9d\u00e9ric Girard Magn\u00e9tiseur Th\u00e9rapeute Echirolles Grenoble\",\"publisher\":{\"@id\":\"https:\\\/\\\/eveildutemps.fr\\\/#\\\/schema\\\/person\\\/862f60b7e29f5f40e20ade2e675e22fd\"},\"alternateName\":\"Fr\u00e9d\u00e9ric Girard\",\"potentialAction\":[{\"@type\":\"SearchAction\",\"target\":{\"@type\":\"EntryPoint\",\"urlTemplate\":\"https:\\\/\\\/eveildutemps.fr\\\/?s={search_term_string}\"},\"query-input\":{\"@type\":\"PropertyValueSpecification\",\"valueRequired\":true,\"valueName\":\"search_term_string\"}}],\"inLanguage\":\"fr-FR\"},{\"@type\":[\"Person\",\"Organization\"],\"@id\":\"https:\\\/\\\/eveildutemps.fr\\\/#\\\/schema\\\/person\\\/862f60b7e29f5f40e20ade2e675e22fd\",\"name\":\"adminEveil\",\"image\":{\"@type\":\"ImageObject\",\"inLanguage\":\"fr-FR\",\"@id\":\"https:\\\/\\\/i0.wp.com\\\/eveildutemps.fr\\\/wp-content\\\/uploads\\\/2022\\\/07\\\/Frederic-Girard-fb.png?fit=613%2C570&ssl=1\",\"url\":\"https:\\\/\\\/i0.wp.com\\\/eveildutemps.fr\\\/wp-content\\\/uploads\\\/2022\\\/07\\\/Frederic-Girard-fb.png?fit=613%2C570&ssl=1\",\"contentUrl\":\"https:\\\/\\\/i0.wp.com\\\/eveildutemps.fr\\\/wp-content\\\/uploads\\\/2022\\\/07\\\/Frederic-Girard-fb.png?fit=613%2C570&ssl=1\",\"width\":613,\"height\":570,\"caption\":\"adminEveil\"},\"logo\":{\"@id\":\"https:\\\/\\\/i0.wp.com\\\/eveildutemps.fr\\\/wp-content\\\/uploads\\\/2022\\\/07\\\/Frederic-Girard-fb.png?fit=613%2C570&ssl=1\"},\"description\":\"Magn\u00e9tiseur Th\u00e9rapeute Grenoble ou \u00e0 distance\",\"sameAs\":[\"http:\\\/\\\/eveildutemps.fr\",\"https:\\\/\\\/www.facebook.com\\\/Eveildutemps\\\/?ref=pages_you_manage\",\"https:\\\/\\\/www.instagram.com\\\/therapeuthe_medicentre\\\/?hl=fr\"]}]}<\/script>\n<!-- \/ Yoast SEO plugin. -->","yoast_head_json":{"title":"R\u00eaves \u00e9veill\u00e9s R\u00eaves d\u2019\u00e9veil ~ Eveildutemps","robots":{"index":"index","follow":"follow","max-snippet":"max-snippet:-1","max-image-preview":"max-image-preview:large","max-video-preview":"max-video-preview:-1"},"canonical":"https:\/\/eveildutemps.fr\/index.php\/reves-eveilles-accompagnes-reves-deveil-a-echirolles-grenoble\/","og_locale":"fr_FR","og_type":"article","og_title":"R\u00eaves \u00e9veill\u00e9s R\u00eaves d\u2019\u00e9veil ~ Eveildutemps","og_description":"S\u00e9ances hypnose R\u00eaves \u00e9veill\u00e9s \u00e0 Echirolles GrenobleOu en ligne Qu&rsquo;est-ce que c&rsquo;est ? Le r\u00eave \u00e9veill\u00e9 accompagn\u00e9, ou r\u00eave d\u2019\u00e9veil, est un outil puissant pour r\u00e9v\u00e9ler et gu\u00e9rir ce qui vous pr\u00e9occupe. \u00a0 Utilis\u00e9 \u00e0 des moments cl\u00e9s de votre vie, il vous aide \u00e0 ressentir qui vous \u00eates et \u00e0 d\u00e9terminer votre direction future.\u00a0 [&hellip;]","og_url":"https:\/\/eveildutemps.fr\/index.php\/reves-eveilles-accompagnes-reves-deveil-a-echirolles-grenoble\/","og_site_name":"Eveildutemps","article_publisher":"https:\/\/www.facebook.com\/Eveildutemps\/?ref=pages_you_manage","article_modified_time":"2024-06-30T22:20:31+00:00","og_image":[{"url":"https:\/\/eveildutemps.fr\/wp-content\/uploads\/2024\/06\/harmonicjourneys_Harmonic_Journey_Whimsical_Harmony_Journey_Vis_89dc18cb-9f0f-4e4b-9e9d-ebb0ae6e76e81.png","type":"","width":"","height":""}],"twitter_card":"summary_large_image","twitter_misc":{"Dur\u00e9e de lecture estim\u00e9e":"2 minutes"},"schema":{"@context":"https:\/\/schema.org","@graph":[{"@type":"WebPage","@id":"https:\/\/eveildutemps.fr\/index.php\/reves-eveilles-accompagnes-reves-deveil-a-echirolles-grenoble\/","url":"https:\/\/eveildutemps.fr\/index.php\/reves-eveilles-accompagnes-reves-deveil-a-echirolles-grenoble\/","name":"R\u00eaves \u00e9veill\u00e9s R\u00eaves d\u2019\u00e9veil ~ Eveildutemps","isPartOf":{"@id":"https:\/\/eveildutemps.fr\/#website"},"primaryImageOfPage":{"@id":"https:\/\/eveildutemps.fr\/index.php\/reves-eveilles-accompagnes-reves-deveil-a-echirolles-grenoble\/#primaryimage"},"image":{"@id":"https:\/\/eveildutemps.fr\/index.php\/reves-eveilles-accompagnes-reves-deveil-a-echirolles-grenoble\/#primaryimage"},"thumbnailUrl":"https:\/\/eveildutemps.fr\/wp-content\/uploads\/2024\/06\/harmonicjourneys_Harmonic_Journey_Whimsical_Harmony_Journey_Vis_89dc18cb-9f0f-4e4b-9e9d-ebb0ae6e76e81.png","datePublished":"2022-09-02T22:02:29+00:00","dateModified":"2024-06-30T22:20:31+00:00","breadcrumb":{"@id":"https:\/\/eveildutemps.fr\/index.php\/reves-eveilles-accompagnes-reves-deveil-a-echirolles-grenoble\/#breadcrumb"},"inLanguage":"fr-FR","potentialAction":[{"@type":"ReadAction","target":["https:\/\/eveildutemps.fr\/index.php\/reves-eveilles-accompagnes-reves-deveil-a-echirolles-grenoble\/"]}]},{"@type":"ImageObject","inLanguage":"fr-FR","@id":"https:\/\/eveildutemps.fr\/index.php\/reves-eveilles-accompagnes-reves-deveil-a-echirolles-grenoble\/#primaryimage","url":"https:\/\/i0.wp.com\/eveildutemps.fr\/wp-content\/uploads\/2024\/06\/harmonicjourneys_Harmonic_Journey_Whimsical_Harmony_Journey_Vis_89dc18cb-9f0f-4e4b-9e9d-ebb0ae6e76e81.png?fit=300%2C297&ssl=1","contentUrl":"https:\/\/i0.wp.com\/eveildutemps.fr\/wp-content\/uploads\/2024\/06\/harmonicjourneys_Harmonic_Journey_Whimsical_Harmony_Journey_Vis_89dc18cb-9f0f-4e4b-9e9d-ebb0ae6e76e81.png?fit=300%2C297&ssl=1","width":300,"height":297,"caption":"S\u00e9ance individuelle hypnose \u00e9chirolles Grenoble"},{"@type":"BreadcrumbList","@id":"https:\/\/eveildutemps.fr\/index.php\/reves-eveilles-accompagnes-reves-deveil-a-echirolles-grenoble\/#breadcrumb","itemListElement":[{"@type":"ListItem","position":1,"name":"Accueil","item":"https:\/\/eveildutemps.fr\/"},{"@type":"ListItem","position":2,"name":"R\u00eaves \u00e9veill\u00e9s R\u00eaves d\u2019\u00e9veil"}]},{"@type":"WebSite","@id":"https:\/\/eveildutemps.fr\/#website","url":"https:\/\/eveildutemps.fr\/","name":"Eveildutemps","description":"Fr\u00e9d\u00e9ric Girard Magn\u00e9tiseur Th\u00e9rapeute Echirolles Grenoble","publisher":{"@id":"https:\/\/eveildutemps.fr\/#\/schema\/person\/862f60b7e29f5f40e20ade2e675e22fd"},"alternateName":"Fr\u00e9d\u00e9ric Girard","potentialAction":[{"@type":"SearchAction","target":{"@type":"EntryPoint","urlTemplate":"https:\/\/eveildutemps.fr\/?s={search_term_string}"},"query-input":{"@type":"PropertyValueSpecification","valueRequired":true,"valueName":"search_term_string"}}],"inLanguage":"fr-FR"},{"@type":["Person","Organization"],"@id":"https:\/\/eveildutemps.fr\/#\/schema\/person\/862f60b7e29f5f40e20ade2e675e22fd","name":"adminEveil","image":{"@type":"ImageObject","inLanguage":"fr-FR","@id":"https:\/\/i0.wp.com\/eveildutemps.fr\/wp-content\/uploads\/2022\/07\/Frederic-Girard-fb.png?fit=613%2C570&ssl=1","url":"https:\/\/i0.wp.com\/eveildutemps.fr\/wp-content\/uploads\/2022\/07\/Frederic-Girard-fb.png?fit=613%2C570&ssl=1","contentUrl":"https:\/\/i0.wp.com\/eveildutemps.fr\/wp-content\/uploads\/2022\/07\/Frederic-Girard-fb.png?fit=613%2C570&ssl=1","width":613,"height":570,"caption":"adminEveil"},"logo":{"@id":"https:\/\/i0.wp.com\/eveildutemps.fr\/wp-content\/uploads\/2022\/07\/Frederic-Girard-fb.png?fit=613%2C570&ssl=1"},"description":"Magn\u00e9tiseur Th\u00e9rapeute Grenoble ou \u00e0 distance","sameAs":["http:\/\/eveildutemps.fr","https:\/\/www.facebook.com\/Eveildutemps\/?ref=pages_you_manage","https:\/\/www.instagram.com\/therapeuthe_medicentre\/?hl=fr"]}]}},"jetpack_sharing_enabled":true,"_links":{"self":[{"href":"https:\/\/eveildutemps.fr\/index.php\/wp-json\/wp\/v2\/pages\/1848","targetHints":{"allow":["GET"]}}],"collection":[{"href":"https:\/\/eveildutemps.fr\/index.php\/wp-json\/wp\/v2\/pages"}],"about":[{"href":"https:\/\/eveildutemps.fr\/index.php\/wp-json\/wp\/v2\/types\/page"}],"author":[{"embeddable":true,"href":"https:\/\/eveildutemps.fr\/index.php\/wp-json\/wp\/v2\/users\/1"}],"replies":[{"embeddable":true,"href":"https:\/\/eveildutemps.fr\/index.php\/wp-json\/wp\/v2\/comments?post=1848"}],"version-history":[{"count":0,"href":"https:\/\/eveildutemps.fr\/index.php\/wp-json\/wp\/v2\/pages\/1848\/revisions"}],"wp:attachment":[{"href":"https:\/\/eveildutemps.fr\/index.php\/wp-json\/wp\/v2\/media?parent=1848"}],"curies":[{"name":"wp","href":"https:\/\/api.w.org\/{rel}","templated":true}]}}