{"id":2137,"date":"2022-09-29T12:00:32","date_gmt":"2022-09-29T10:00:32","guid":{"rendered":"https:\/\/eveildutemps.fr\/?page_id=2137"},"modified":"2025-01-22T19:40:43","modified_gmt":"2025-01-22T18:40:43","slug":"constellations-familiales-magnetiseur-chamanisme","status":"publish","type":"page","link":"https:\/\/eveildutemps.fr\/index.php\/constellations-familiales-magnetiseur-chamanisme\/","title":{"rendered":"Agenda Constellations familiales, Ateliers en Groupes"},"content":{"rendered":"\t\t<div data-elementor-type=\"wp-page\" data-elementor-id=\"2137\" class=\"elementor elementor-2137\">\n\t\t\t\t\t\t<section class=\"elementor-section elementor-top-section elementor-element elementor-element-5d8fb5a3 elementor-section-full_width elementor-section-height-default elementor-section-height-default\" data-id=\"5d8fb5a3\" data-element_type=\"section\" data-e-type=\"section\">\n\t\t\t\t\t\t<div class=\"elementor-container elementor-column-gap-default\">\n\t\t\t\t\t<div class=\"elementor-column elementor-col-100 elementor-top-column elementor-element elementor-element-502d482d\" data-id=\"502d482d\" data-element_type=\"column\" data-e-type=\"column\">\n\t\t\t<div class=\"elementor-widget-wrap elementor-element-populated\">\n\t\t\t\t\t\t<div class=\"elementor-element elementor-element-7755e5ba elementor-widget elementor-widget-heading\" data-id=\"7755e5ba\" data-element_type=\"widget\" data-e-type=\"widget\" data-widget_type=\"heading.default\">\n\t\t\t\t<div class=\"elementor-widget-container\">\n\t\t\t\t\t<h2 class=\"elementor-heading-title elementor-size-default\">Soir\u00e9e decouverte<\/h2>\t\t\t\t<\/div>\n\t\t\t\t<\/div>\n\t\t\t\t\t<\/div>\n\t\t<\/div>\n\t\t\t\t\t<\/div>\n\t\t<\/section>\n\t\t\t\t<section class=\"elementor-section elementor-top-section elementor-element elementor-element-39831f8 elementor-section-boxed elementor-section-height-default elementor-section-height-default\" data-id=\"39831f8\" data-element_type=\"section\" data-e-type=\"section\">\n\t\t\t\t\t\t<div class=\"elementor-container elementor-column-gap-default\">\n\t\t\t\t\t<div class=\"elementor-column elementor-col-100 elementor-top-column elementor-element elementor-element-62c1537\" data-id=\"62c1537\" data-element_type=\"column\" data-e-type=\"column\">\n\t\t\t<div class=\"elementor-widget-wrap elementor-element-populated\">\n\t\t\t\t\t\t<div class=\"elementor-element elementor-element-1c25309 elementor-widget elementor-widget-heading\" data-id=\"1c25309\" data-element_type=\"widget\" data-e-type=\"widget\" data-widget_type=\"heading.default\">\n\t\t\t\t<div class=\"elementor-widget-container\">\n\t\t\t\t\t<h3 class=\"elementor-heading-title elementor-size-default\"><b>Ateliers de groupes<\/b><\/h3>\t\t\t\t<\/div>\n\t\t\t\t<\/div>\n\t\t\t\t<div class=\"elementor-element elementor-element-b2218d3 elementor-widget__width-inherit elementor-widget elementor-widget-text-editor\" data-id=\"b2218d3\" data-element_type=\"widget\" data-e-type=\"widget\" data-widget_type=\"text-editor.default\">\n\t\t\t\t<div class=\"elementor-widget-container\">\n\t\t\t\t\t\t\t\t\t<p><span style=\"background-color: var( --e-global-color-secondary ); font-family: Delius, sans-serif; font-size: 32px; font-style: var( --e-global-typography-secondary-font-style ); letter-spacing: -0.7px; text-transform: var( --e-global-typography-secondary-text-transform ); word-spacing: var( --e-global-typography-secondary-word-spacing ); color: var( --e-global-color-c97dd66 );\"><strong>Envie de vous offrir un moment de bien-\u00eatre et de reconnexion ?<\/strong><\/span><\/p><p><span style=\"background-color: var( --e-global-color-secondary ); font-family: Delius, sans-serif; font-size: 32px; font-style: var( --e-global-typography-secondary-font-style ); letter-spacing: -0.7px; text-transform: var( --e-global-typography-secondary-text-transform ); word-spacing: var( --e-global-typography-secondary-word-spacing ); color: var( --e-global-color-c97dd66 );\"><b><br \/><\/b>Rejoignez-nous pour une soir\u00e9e m\u00e9ditation, o\u00f9 vous pourrez explorer des pratiques ressour\u00e7antes, vous recentrer et partager un moment convivial.<\/span><\/p><p><span style=\"background-color: var( --e-global-color-secondary ); font-family: Delius, sans-serif; font-size: 32px; font-style: var( --e-global-typography-secondary-font-style ); letter-spacing: -0.7px; text-transform: var( --e-global-typography-secondary-text-transform ); word-spacing: var( --e-global-typography-secondary-word-spacing ); color: var( --e-global-color-c97dd66 );\"><br \/>Venez d\u00e9couvrir une exp\u00e9rience unique de d\u00e9tente et d&rsquo;harmonie, en petit groupe.<br \/>Inscrivez-vous d\u00e8s maintenant pour r\u00e9server votre place !<\/span><\/p>\t\t\t\t\t\t\t\t<\/div>\n\t\t\t\t<\/div>\n\t\t\t\t<div class=\"elementor-element elementor-element-35ed0b3 elementor-align-center e-transform elementor-widget elementor-widget-button\" data-id=\"35ed0b3\" data-element_type=\"widget\" data-e-type=\"widget\" data-settings=\"{&quot;_animation&quot;:&quot;none&quot;,&quot;_transform_scale_effect_hover&quot;:{&quot;unit&quot;:&quot;px&quot;,&quot;size&quot;:0.9,&quot;sizes&quot;:[]},&quot;_transform_scale_effect_hover_tablet&quot;:{&quot;unit&quot;:&quot;px&quot;,&quot;size&quot;:&quot;&quot;,&quot;sizes&quot;:[]},&quot;_transform_scale_effect_hover_mobile&quot;:{&quot;unit&quot;:&quot;px&quot;,&quot;size&quot;:&quot;&quot;,&quot;sizes&quot;:[]}}\" data-widget_type=\"button.default\">\n\t\t\t\t<div class=\"elementor-widget-container\">\n\t\t\t\t\t\t\t\t\t<div class=\"elementor-button-wrapper\">\n\t\t\t\t\t<a class=\"elementor-button elementor-button-link elementor-size-sm\" href=\"https:\/\/fb.me\/e\/7T6l5zvZr\">\n\t\t\t\t\t\t<span class=\"elementor-button-content-wrapper\">\n\t\t\t\t\t\t\t\t\t<span class=\"elementor-button-text\">Lien vers Soir\u00e9e D\u00e9couverte<\/span>\n\t\t\t\t\t<\/span>\n\t\t\t\t\t<\/a>\n\t\t\t\t<\/div>\n\t\t\t\t\t\t\t\t<\/div>\n\t\t\t\t<\/div>\n\t\t\t\t\t<\/div>\n\t\t<\/div>\n\t\t\t\t\t<\/div>\n\t\t<\/section>\n\t\t\t\t<section class=\"elementor-section elementor-top-section elementor-element elementor-element-ee7bf96 elementor-section-boxed elementor-section-height-default elementor-section-height-default\" data-id=\"ee7bf96\" data-element_type=\"section\" data-e-type=\"section\">\n\t\t\t\t\t\t<div class=\"elementor-container elementor-column-gap-default\">\n\t\t\t\t\t<div class=\"elementor-column elementor-col-100 elementor-top-column elementor-element elementor-element-296740e\" data-id=\"296740e\" data-element_type=\"column\" data-e-type=\"column\">\n\t\t\t<div class=\"elementor-widget-wrap elementor-element-populated\">\n\t\t\t\t\t\t<div class=\"elementor-element elementor-element-549fa1c elementor-align-center e-transform elementor-widget elementor-widget-button\" data-id=\"549fa1c\" data-element_type=\"widget\" data-e-type=\"widget\" data-settings=\"{&quot;_animation&quot;:&quot;none&quot;,&quot;_transform_scale_effect_hover&quot;:{&quot;unit&quot;:&quot;px&quot;,&quot;size&quot;:0.9,&quot;sizes&quot;:[]},&quot;_transform_scale_effect_hover_tablet&quot;:{&quot;unit&quot;:&quot;px&quot;,&quot;size&quot;:&quot;&quot;,&quot;sizes&quot;:[]},&quot;_transform_scale_effect_hover_mobile&quot;:{&quot;unit&quot;:&quot;px&quot;,&quot;size&quot;:&quot;&quot;,&quot;sizes&quot;:[]}}\" data-widget_type=\"button.default\">\n\t\t\t\t<div class=\"elementor-widget-container\">\n\t\t\t\t\t\t\t\t\t<div class=\"elementor-button-wrapper\">\n\t\t\t\t\t<a class=\"elementor-button elementor-button-link elementor-size-sm\" href=\"tel:+33675462408\">\n\t\t\t\t\t\t<span class=\"elementor-button-content-wrapper\">\n\t\t\t\t\t\t\t\t\t<span class=\"elementor-button-text\">Je passe un SMS ou je t\u00e9l\u00e9phone pour r\u00e9server 06 75 46 24 08<\/span>\n\t\t\t\t\t<\/span>\n\t\t\t\t\t<\/a>\n\t\t\t\t<\/div>\n\t\t\t\t\t\t\t\t<\/div>\n\t\t\t\t<\/div>\n\t\t\t\t\t<\/div>\n\t\t<\/div>\n\t\t\t\t\t<\/div>\n\t\t<\/section>\n\t\t\t\t<section class=\"elementor-section elementor-top-section elementor-element elementor-element-925a872 elementor-section-boxed elementor-section-height-default elementor-section-height-default\" data-id=\"925a872\" data-element_type=\"section\" data-e-type=\"section\">\n\t\t\t\t\t\t<div class=\"elementor-container elementor-column-gap-default\">\n\t\t\t\t\t<div class=\"elementor-column elementor-col-100 elementor-top-column elementor-element elementor-element-f906602\" data-id=\"f906602\" data-element_type=\"column\" data-e-type=\"column\">\n\t\t\t<div class=\"elementor-widget-wrap elementor-element-populated\">\n\t\t\t\t\t\t<div class=\"elementor-element elementor-element-2afead0 elementor-widget elementor-widget-shortcode\" data-id=\"2afead0\" data-element_type=\"widget\" data-e-type=\"widget\" data-widget_type=\"shortcode.default\">\n\t\t\t\t<div class=\"elementor-widget-container\">\n\t\t\t\t\t\t\t<div class=\"elementor-shortcode\"><\/div>\n\t\t\t\t\t\t<\/div>\n\t\t\t\t<\/div>\n\t\t\t\t\t<\/div>\n\t\t<\/div>\n\t\t\t\t\t<\/div>\n\t\t<\/section>\n\t\t\t\t<\/div>\n\t\t","protected":false},"excerpt":{"rendered":"<p>Soir\u00e9e decouverte Ateliers de groupes Envie de vous offrir un moment de bien-\u00eatre et de reconnexion ? Rejoignez-nous pour une soir\u00e9e m\u00e9ditation, o\u00f9 vous pourrez explorer des pratiques ressour\u00e7antes, vous recentrer et partager un moment convivial. Venez d\u00e9couvrir une exp\u00e9rience unique de d\u00e9tente et d&rsquo;harmonie, en petit groupe.Inscrivez-vous d\u00e8s maintenant pour r\u00e9server votre place ! [&hellip;]<\/p>\n","protected":false},"author":1,"featured_media":0,"parent":0,"menu_order":0,"comment_status":"closed","ping_status":"closed","template":"","meta":{"footnotes":""},"class_list":["post-2137","page","type-page","status-publish","hentry"],"yoast_head":"<!-- This site is optimized with the Yoast SEO plugin v27.3 - https:\/\/yoast.com\/product\/yoast-seo-wordpress\/ -->\n<title>Constellations familiales, soins tambour Chamanique Agenda<\/title>\n<meta name=\"description\" content=\"Constellations familiales et syst\u00e9miques, Soin et th\u00e9rapie en groupe, , Soins chamaniques tambour, R\u00eave \u00e9veill\u00e9\" \/>\n<meta name=\"robots\" content=\"index, follow, max-snippet:-1, max-image-preview:large, max-video-preview:-1\" \/>\n<link rel=\"canonical\" href=\"https:\/\/eveildutemps.fr\/index.php\/constellations-familiales-magnetiseur-chamanisme\/\" \/>\n<meta property=\"og:locale\" content=\"fr_FR\" \/>\n<meta property=\"og:type\" content=\"article\" \/>\n<meta property=\"og:title\" content=\"Constellations familiales, soins tambour Chamanique Agenda\" \/>\n<meta property=\"og:description\" content=\"Constellations familiales et syst\u00e9miques, Soin et th\u00e9rapie en groupe, , Soins chamaniques tambour, R\u00eave \u00e9veill\u00e9\" \/>\n<meta property=\"og:url\" content=\"https:\/\/eveildutemps.fr\/index.php\/constellations-familiales-magnetiseur-chamanisme\/\" \/>\n<meta property=\"og:site_name\" content=\"Eveildutemps\" \/>\n<meta property=\"article:publisher\" content=\"https:\/\/www.facebook.com\/Eveildutemps\/?ref=pages_you_manage\" \/>\n<meta property=\"article:modified_time\" content=\"2025-01-22T18:40:43+00:00\" \/>\n<meta name=\"twitter:card\" content=\"summary_large_image\" \/>\n<meta name=\"twitter:label1\" content=\"Dur\u00e9e de lecture estim\u00e9e\" \/>\n\t<meta name=\"twitter:data1\" content=\"1 minute\" \/>\n<script type=\"application\/ld+json\" class=\"yoast-schema-graph\">{\"@context\":\"https:\\\/\\\/schema.org\",\"@graph\":[{\"@type\":\"WebPage\",\"@id\":\"https:\\\/\\\/eveildutemps.fr\\\/index.php\\\/constellations-familiales-magnetiseur-chamanisme\\\/\",\"url\":\"https:\\\/\\\/eveildutemps.fr\\\/index.php\\\/constellations-familiales-magnetiseur-chamanisme\\\/\",\"name\":\"Constellations familiales, soins tambour Chamanique Agenda\",\"isPartOf\":{\"@id\":\"https:\\\/\\\/eveildutemps.fr\\\/#website\"},\"datePublished\":\"2022-09-29T10:00:32+00:00\",\"dateModified\":\"2025-01-22T18:40:43+00:00\",\"description\":\"Constellations familiales et syst\u00e9miques, Soin et th\u00e9rapie en groupe, , Soins chamaniques tambour, R\u00eave \u00e9veill\u00e9\",\"breadcrumb\":{\"@id\":\"https:\\\/\\\/eveildutemps.fr\\\/index.php\\\/constellations-familiales-magnetiseur-chamanisme\\\/#breadcrumb\"},\"inLanguage\":\"fr-FR\",\"potentialAction\":[{\"@type\":\"ReadAction\",\"target\":[\"https:\\\/\\\/eveildutemps.fr\\\/index.php\\\/constellations-familiales-magnetiseur-chamanisme\\\/\"]}]},{\"@type\":\"BreadcrumbList\",\"@id\":\"https:\\\/\\\/eveildutemps.fr\\\/index.php\\\/constellations-familiales-magnetiseur-chamanisme\\\/#breadcrumb\",\"itemListElement\":[{\"@type\":\"ListItem\",\"position\":1,\"name\":\"Accueil\",\"item\":\"https:\\\/\\\/eveildutemps.fr\\\/\"},{\"@type\":\"ListItem\",\"position\":2,\"name\":\"Agenda Constellations familiales, Ateliers en Groupes\"}]},{\"@type\":\"WebSite\",\"@id\":\"https:\\\/\\\/eveildutemps.fr\\\/#website\",\"url\":\"https:\\\/\\\/eveildutemps.fr\\\/\",\"name\":\"Eveildutemps\",\"description\":\"Fr\u00e9d\u00e9ric Girard Magn\u00e9tiseur Th\u00e9rapeute Echirolles Grenoble\",\"publisher\":{\"@id\":\"https:\\\/\\\/eveildutemps.fr\\\/#\\\/schema\\\/person\\\/862f60b7e29f5f40e20ade2e675e22fd\"},\"alternateName\":\"Fr\u00e9d\u00e9ric Girard\",\"potentialAction\":[{\"@type\":\"SearchAction\",\"target\":{\"@type\":\"EntryPoint\",\"urlTemplate\":\"https:\\\/\\\/eveildutemps.fr\\\/?s={search_term_string}\"},\"query-input\":{\"@type\":\"PropertyValueSpecification\",\"valueRequired\":true,\"valueName\":\"search_term_string\"}}],\"inLanguage\":\"fr-FR\"},{\"@type\":[\"Person\",\"Organization\"],\"@id\":\"https:\\\/\\\/eveildutemps.fr\\\/#\\\/schema\\\/person\\\/862f60b7e29f5f40e20ade2e675e22fd\",\"name\":\"adminEveil\",\"image\":{\"@type\":\"ImageObject\",\"inLanguage\":\"fr-FR\",\"@id\":\"https:\\\/\\\/i0.wp.com\\\/eveildutemps.fr\\\/wp-content\\\/uploads\\\/2022\\\/07\\\/Frederic-Girard-fb.png?fit=613%2C570&ssl=1\",\"url\":\"https:\\\/\\\/i0.wp.com\\\/eveildutemps.fr\\\/wp-content\\\/uploads\\\/2022\\\/07\\\/Frederic-Girard-fb.png?fit=613%2C570&ssl=1\",\"contentUrl\":\"https:\\\/\\\/i0.wp.com\\\/eveildutemps.fr\\\/wp-content\\\/uploads\\\/2022\\\/07\\\/Frederic-Girard-fb.png?fit=613%2C570&ssl=1\",\"width\":613,\"height\":570,\"caption\":\"adminEveil\"},\"logo\":{\"@id\":\"https:\\\/\\\/i0.wp.com\\\/eveildutemps.fr\\\/wp-content\\\/uploads\\\/2022\\\/07\\\/Frederic-Girard-fb.png?fit=613%2C570&ssl=1\"},\"description\":\"Magn\u00e9tiseur Th\u00e9rapeute Grenoble ou \u00e0 distance\",\"sameAs\":[\"http:\\\/\\\/eveildutemps.fr\",\"https:\\\/\\\/www.facebook.com\\\/Eveildutemps\\\/?ref=pages_you_manage\",\"https:\\\/\\\/www.instagram.com\\\/therapeuthe_medicentre\\\/?hl=fr\"]}]}<\/script>\n<!-- \/ Yoast SEO plugin. -->","yoast_head_json":{"title":"Constellations familiales, soins tambour Chamanique Agenda","description":"Constellations familiales et syst\u00e9miques, Soin et th\u00e9rapie en groupe, , Soins chamaniques tambour, R\u00eave \u00e9veill\u00e9","robots":{"index":"index","follow":"follow","max-snippet":"max-snippet:-1","max-image-preview":"max-image-preview:large","max-video-preview":"max-video-preview:-1"},"canonical":"https:\/\/eveildutemps.fr\/index.php\/constellations-familiales-magnetiseur-chamanisme\/","og_locale":"fr_FR","og_type":"article","og_title":"Constellations familiales, soins tambour Chamanique Agenda","og_description":"Constellations familiales et syst\u00e9miques, Soin et th\u00e9rapie en groupe, , Soins chamaniques tambour, R\u00eave \u00e9veill\u00e9","og_url":"https:\/\/eveildutemps.fr\/index.php\/constellations-familiales-magnetiseur-chamanisme\/","og_site_name":"Eveildutemps","article_publisher":"https:\/\/www.facebook.com\/Eveildutemps\/?ref=pages_you_manage","article_modified_time":"2025-01-22T18:40:43+00:00","twitter_card":"summary_large_image","twitter_misc":{"Dur\u00e9e de lecture estim\u00e9e":"1 minute"},"schema":{"@context":"https:\/\/schema.org","@graph":[{"@type":"WebPage","@id":"https:\/\/eveildutemps.fr\/index.php\/constellations-familiales-magnetiseur-chamanisme\/","url":"https:\/\/eveildutemps.fr\/index.php\/constellations-familiales-magnetiseur-chamanisme\/","name":"Constellations familiales, soins tambour Chamanique Agenda","isPartOf":{"@id":"https:\/\/eveildutemps.fr\/#website"},"datePublished":"2022-09-29T10:00:32+00:00","dateModified":"2025-01-22T18:40:43+00:00","description":"Constellations familiales et syst\u00e9miques, Soin et th\u00e9rapie en groupe, , Soins chamaniques tambour, R\u00eave \u00e9veill\u00e9","breadcrumb":{"@id":"https:\/\/eveildutemps.fr\/index.php\/constellations-familiales-magnetiseur-chamanisme\/#breadcrumb"},"inLanguage":"fr-FR","potentialAction":[{"@type":"ReadAction","target":["https:\/\/eveildutemps.fr\/index.php\/constellations-familiales-magnetiseur-chamanisme\/"]}]},{"@type":"BreadcrumbList","@id":"https:\/\/eveildutemps.fr\/index.php\/constellations-familiales-magnetiseur-chamanisme\/#breadcrumb","itemListElement":[{"@type":"ListItem","position":1,"name":"Accueil","item":"https:\/\/eveildutemps.fr\/"},{"@type":"ListItem","position":2,"name":"Agenda Constellations familiales, Ateliers en Groupes"}]},{"@type":"WebSite","@id":"https:\/\/eveildutemps.fr\/#website","url":"https:\/\/eveildutemps.fr\/","name":"Eveildutemps","description":"Fr\u00e9d\u00e9ric Girard Magn\u00e9tiseur Th\u00e9rapeute Echirolles Grenoble","publisher":{"@id":"https:\/\/eveildutemps.fr\/#\/schema\/person\/862f60b7e29f5f40e20ade2e675e22fd"},"alternateName":"Fr\u00e9d\u00e9ric Girard","potentialAction":[{"@type":"SearchAction","target":{"@type":"EntryPoint","urlTemplate":"https:\/\/eveildutemps.fr\/?s={search_term_string}"},"query-input":{"@type":"PropertyValueSpecification","valueRequired":true,"valueName":"search_term_string"}}],"inLanguage":"fr-FR"},{"@type":["Person","Organization"],"@id":"https:\/\/eveildutemps.fr\/#\/schema\/person\/862f60b7e29f5f40e20ade2e675e22fd","name":"adminEveil","image":{"@type":"ImageObject","inLanguage":"fr-FR","@id":"https:\/\/i0.wp.com\/eveildutemps.fr\/wp-content\/uploads\/2022\/07\/Frederic-Girard-fb.png?fit=613%2C570&ssl=1","url":"https:\/\/i0.wp.com\/eveildutemps.fr\/wp-content\/uploads\/2022\/07\/Frederic-Girard-fb.png?fit=613%2C570&ssl=1","contentUrl":"https:\/\/i0.wp.com\/eveildutemps.fr\/wp-content\/uploads\/2022\/07\/Frederic-Girard-fb.png?fit=613%2C570&ssl=1","width":613,"height":570,"caption":"adminEveil"},"logo":{"@id":"https:\/\/i0.wp.com\/eveildutemps.fr\/wp-content\/uploads\/2022\/07\/Frederic-Girard-fb.png?fit=613%2C570&ssl=1"},"description":"Magn\u00e9tiseur Th\u00e9rapeute Grenoble ou \u00e0 distance","sameAs":["http:\/\/eveildutemps.fr","https:\/\/www.facebook.com\/Eveildutemps\/?ref=pages_you_manage","https:\/\/www.instagram.com\/therapeuthe_medicentre\/?hl=fr"]}]}},"jetpack_sharing_enabled":true,"_links":{"self":[{"href":"https:\/\/eveildutemps.fr\/index.php\/wp-json\/wp\/v2\/pages\/2137","targetHints":{"allow":["GET"]}}],"collection":[{"href":"https:\/\/eveildutemps.fr\/index.php\/wp-json\/wp\/v2\/pages"}],"about":[{"href":"https:\/\/eveildutemps.fr\/index.php\/wp-json\/wp\/v2\/types\/page"}],"author":[{"embeddable":true,"href":"https:\/\/eveildutemps.fr\/index.php\/wp-json\/wp\/v2\/users\/1"}],"replies":[{"embeddable":true,"href":"https:\/\/eveildutemps.fr\/index.php\/wp-json\/wp\/v2\/comments?post=2137"}],"version-history":[{"count":0,"href":"https:\/\/eveildutemps.fr\/index.php\/wp-json\/wp\/v2\/pages\/2137\/revisions"}],"wp:attachment":[{"href":"https:\/\/eveildutemps.fr\/index.php\/wp-json\/wp\/v2\/media?parent=2137"}],"curies":[{"name":"wp","href":"https:\/\/api.w.org\/{rel}","templated":true}]}}